{"id":3,"date":"2025-02-14T07:22:25","date_gmt":"2025-02-14T07:22:25","guid":{"rendered":"https:\/\/protek.al\/?page_id=3"},"modified":"2025-02-14T17:04:02","modified_gmt":"2025-02-14T17:04:02","slug":"privacy-policy","status":"publish","type":"page","link":"https:\/\/protek.al\/?page_id=3","title":{"rendered":"Privacy Policy"},"content":{"rendered":"\n<p><strong>Politika e Privat\u00ebsis\u00eb e PROTEK.AL<\/strong><\/p>\n\n\n\n<p>Ju informojm\u00eb p\u00ebr politikat tona n\u00eb lidhje me mbledhjen, p\u00ebrdorimin dhe zbulimin e t\u00eb dh\u00ebnave personale kur p\u00ebrdorni<sup>1<\/sup> Sh\u00ebrbimin ton\u00eb.<\/p>\n\n\n\n<p>Ne e p\u00ebrdorim informacionin tuaj p\u00ebr t\u00eb ofruar dhe p\u00ebrmir\u00ebsuar Sh\u00ebrbimin. Duke p\u00ebrdorur Sh\u00ebrbimin, ju pranoni mbledhjen dhe p\u00ebrdorimin e informacionit n\u00eb p\u00ebrputhje me k\u00ebt\u00eb politik\u00eb.<sup>2<\/sup><\/p>\n\n\n\n<p><strong>Mbledhja dhe P\u00ebrdorimi i Informacionit<\/strong><\/p>\n\n\n\n<p>Ne mbledhim disa lloje t\u00eb ndryshme informacioni p\u00ebr q\u00ebllime t\u00eb ndryshme p\u00ebr t\u00eb<sup>3<\/sup> ofruar dhe p\u00ebrmir\u00ebsuar Sh\u00ebrbimin ton\u00eb ndaj jush.<\/p>\n\n\n\n<p><strong>Llojet e t\u00eb dh\u00ebnave t\u00eb mbledhura<\/strong><\/p>\n\n\n\n<ul class=\"wp-block-list\">\n<li><strong>T\u00eb dh\u00ebna Personale<\/strong><\/li>\n<\/ul>\n\n\n\n<p>Gjat\u00eb p\u00ebrdorimit t\u00eb Sh\u00ebrbimit ton\u00eb, ne mund t&#8217;ju k\u00ebrkojm\u00eb t\u00eb na jepni informacione t\u00eb caktuara q\u00eb mund t\u00eb p\u00ebrdoren p\u00ebr t&#8217;ju identifikuar ose kontaktuar (&#8220;T\u00eb dh\u00ebna Personale&#8221;). Informacionet e identifikueshme personalisht mund t\u00eb p\u00ebrfshijn\u00eb, por nuk kufizohen n\u00eb:<\/p>\n\n\n\n<ul class=\"wp-block-list\">\n<li><strong>Mecan decka<\/strong><\/li>\n\n\n\n<li><a href=\"tel:0672101600\">067 210 1600<\/a><\/li>\n\n\n\n<li><strong>Adresa:<\/strong> Rruga, Vangjel Koca, 1028, <a href=\"https:\/\/www.google.com\/maps\/?cid=12517423594339615151\" data-type=\"link\" data-id=\"https:\/\/www.google.com\/maps\/?cid=12517423594339615151\">Gjirokast\u00ebr<\/a>.<\/li>\n<\/ul>\n\n\n\n<p>Ne gjithashtu mund t\u00eb mbledhim informacione se si qaset dhe p\u00ebrdoret Sh\u00ebrbimi (&#8220;T\u00eb dh\u00ebna t\u00eb P\u00ebrdorimit&#8221;). K\u00ebto t\u00eb dh\u00ebna t\u00eb p\u00ebrdorimit mund t\u00eb p\u00ebrfshijn\u00eb informacione t\u00eb tilla si adresa e Protokollit t\u00eb Internetit t\u00eb kompjuterit tuaj (p.sh. adresa IP), lloji i shfletuesit, versioni i shfletuesit, faqet e Sh\u00ebrbimit ton\u00eb q\u00eb vizitoni, koha dhe<sup>4<\/sup> data e vizit\u00ebs suaj, koha e kaluar n\u00eb ato faqe<sup>5<\/sup> dhe t\u00eb dh\u00ebna t\u00eb tjera diagnostike.<\/p>\n\n\n\n<ul class=\"wp-block-list\">\n<li><strong>T\u00eb dh\u00ebna t\u00eb Gjurmimit dhe Cookie<\/strong><\/li>\n<\/ul>\n\n\n\n<p>Ne p\u00ebrdorim cookie dhe teknologji t\u00eb ngjashme gjurmimi p\u00ebr t\u00eb gjurmuar aktivitetin n\u00eb Sh\u00ebrbimin ton\u00eb dhe p\u00ebr t\u00eb mbajtur informacione t\u00eb caktuara.<\/p>\n\n\n\n<p>Cookie jan\u00eb skedar\u00eb me nj\u00eb sasi t\u00eb vog\u00ebl t\u00eb dh\u00ebnash q\u00eb mund t\u00eb p\u00ebrfshijn\u00eb nj\u00eb identifikues anonim unik. Cookie d\u00ebrgohen n\u00eb shfletuesin tuaj nga nj\u00eb faqe interneti dhe ruhen n\u00eb pajisjen tuaj. Teknologjit\u00eb e gjurmimit t\u00eb p\u00ebrdorura gjithashtu jan\u00eb sinjalizues, etiketa dhe shkrime p\u00ebr t\u00eb mbledhur dhe gjurmuar informacione dhe p\u00ebr t\u00eb p\u00ebrmir\u00ebsuar dhe analizuar Sh\u00ebrbimin ton\u00eb.<\/p>\n\n\n\n<p>Ju mund t&#8217;i udh\u00ebzoni shfletuesin tuaj q\u00eb t\u00eb refuzoj\u00eb t\u00eb gjitha cookie-t ose t\u00eb tregoj\u00eb kur d\u00ebrgohet nj\u00eb cookie. Sidoqoft\u00eb, n\u00ebse nuk i pranoni cookie-t, mund t\u00eb mos jeni n\u00eb gjendje t\u00eb p\u00ebrdorni disa pjes\u00eb t\u00eb Sh\u00ebrbimit ton\u00eb.<\/p>\n\n\n\n<p><strong>P\u00ebrdorimi i t\u00eb dh\u00ebnave<\/strong><\/p>\n\n\n\n<p>PROTEK.AL mund t\u00eb p\u00ebrdor\u00eb t\u00eb dh\u00ebnat e mbledhura p\u00ebr q\u00ebllimet e m\u00ebposhtme:<\/p>\n\n\n\n<ul class=\"wp-block-list\">\n<li>P\u00ebr t\u00eb ofruar dhe mir\u00ebmbajtur Sh\u00ebrbimin<\/li>\n\n\n\n<li>P\u00ebr t&#8217;ju njoftuar p\u00ebr ndryshime n\u00eb Sh\u00ebrbimin ton\u00eb<\/li>\n\n\n\n<li>P\u00ebr t&#8217;ju lejuar t\u00eb merrni pjes\u00eb n\u00eb ve\u00e7ori interaktive t\u00eb Sh\u00ebrbimit ton\u00eb kur zgjidhni ta b\u00ebni k\u00ebt\u00eb<\/li>\n\n\n\n<li>P\u00ebr t\u00eb ofruar mb\u00ebshtetje ndaj klient\u00ebve<\/li>\n\n\n\n<li>P\u00ebr t\u00eb mbledhur analiza ose informacione t\u00eb vlefshme n\u00eb m\u00ebnyr\u00eb q\u00eb t\u00eb mund t\u00eb p\u00ebrmir\u00ebsojm\u00eb Sh\u00ebrbimin ton\u00eb<\/li>\n\n\n\n<li>P\u00ebr t\u00eb monitoruar p\u00ebrdorimin e Sh\u00ebrbimit ton\u00eb<\/li>\n\n\n\n<li>P\u00ebr t\u00eb zbuluar, parandaluar dhe adresuar \u00e7\u00ebshtjet teknike<\/li>\n<\/ul>\n\n\n\n<p><strong>Transferimi i t\u00eb dh\u00ebnave<\/strong><\/p>\n\n\n\n<p>Informacioni juaj, duke p\u00ebrfshir\u00eb t\u00eb dh\u00ebnat personale, mund t\u00eb transferohet dhe mir\u00ebmbahet n\u00eb kompjuter\u00eb t\u00eb vendosur jasht\u00eb shtetit tuaj, provinc\u00ebs, vendit ose<sup>6<\/sup> juridiksionit tjet\u00ebr qeveritar ku ligjet<sup>7<\/sup> e mbrojtjes s\u00eb t\u00eb dh\u00ebnave mund t\u00eb ndryshojn\u00eb nga ato t\u00eb juridiksionit tuaj.<\/p>\n\n\n\n<p>N\u00ebse jeni t\u00eb vendosur jasht\u00eb Shqip\u00ebris\u00eb dhe zgjidhni t\u00eb na jepni informacione, ju lutemi vini re se ne i transferojm\u00eb t\u00eb dh\u00ebnat, duke p\u00ebrfshir\u00eb t\u00eb dh\u00ebnat personale, n\u00eb Shqip\u00ebri dhe i p\u00ebrpunojm\u00eb ato atje.<\/p>\n\n\n\n<p>P\u00eblqimi juaj p\u00ebr k\u00ebt\u00eb Politik\u00eb t\u00eb Privat\u00ebsis\u00eb, i ndjekur<sup>8<\/sup> nga paraqitja juaj e atyre informacioneve, p\u00ebrfaq\u00ebson marr\u00ebveshjen tuaj p\u00ebr k\u00ebt\u00eb transferim.<\/p>\n\n\n\n<p>PROTEK.AL do t\u00eb nd\u00ebrmarr\u00eb t\u00eb gjitha hapat e nevojsh\u00ebm n\u00eb m\u00ebnyr\u00eb t\u00eb arsyeshme p\u00ebr t\u00eb siguruar q\u00eb t\u00eb dh\u00ebnat tuaja t\u00eb trajtohen n\u00eb m\u00ebnyr\u00eb t\u00eb sigurt dhe n\u00eb p\u00ebrputhje me k\u00ebt\u00eb Politik\u00eb t\u00eb Privat\u00ebsis\u00eb dhe asnj\u00eb transferim i t\u00eb dh\u00ebnave tuaja personale nuk do t\u00eb<sup>9<\/sup> ndodh\u00eb n\u00eb nj\u00eb organizat\u00eb ose vend p\u00ebrve\u00e7 n\u00ebse ka kontrolle t\u00eb p\u00ebrshtatshme, duke p\u00ebrfshir\u00eb sigurin\u00eb e t\u00eb dh\u00ebnave tuaja dhe informacioneve t\u00eb tjera personale.<sup>10<\/sup><\/p>\n\n\n\n<p><strong>Zbulimi i t\u00eb dh\u00ebnave<\/strong><\/p>\n\n\n\n<p>PROTEK.AL mund t\u00eb zbuloj\u00eb t\u00eb dh\u00ebnat tuaja personale n\u00eb mir\u00ebbesim se nj\u00eb veprim i till\u00eb \u00ebsht\u00eb i nevojsh\u00ebm p\u00ebr:<\/p>\n\n\n\n<ul class=\"wp-block-list\">\n<li>P\u00ebr t\u00eb p\u00ebrmbushur nj\u00eb detyrim ligjor<\/li>\n\n\n\n<li>P\u00ebr t\u00eb mbrojtur dhe mbrojtur t\u00eb drejtat ose pron\u00ebn e PROTEK.AL<\/li>\n\n\n\n<li>P\u00ebr t\u00eb parandaluar ose hetuar keqb\u00ebrje t\u00eb mundshme n\u00eb lidhje me Sh\u00ebrbimin<\/li>\n\n\n\n<li>P\u00ebr t\u00eb mbrojtur sigurin\u00eb personale t\u00eb p\u00ebrdoruesve t\u00eb Sh\u00ebrbimit ose publikut<\/li>\n\n\n\n<li>P\u00ebr t\u00eb mbrojtur nga p\u00ebrgjegj\u00ebsia ligjore<\/li>\n<\/ul>\n\n\n\n<p><strong>Siguria e t\u00eb dh\u00ebnave<\/strong><\/p>\n\n\n\n<p>Siguria e t\u00eb dh\u00ebnave tuaja \u00ebsht\u00eb e r\u00ebnd\u00ebsishme p\u00ebr ne, por mbani mend se asnj\u00eb metod\u00eb e transmetimit mbi Internet ose metod\u00eb e ruajtjes elektronike nuk \u00ebsht\u00eb 100% e sigurt. Nd\u00ebrsa ne p\u00ebrpiqemi t\u00eb p\u00ebrdorim mjete t\u00eb pranueshme komerciale p\u00ebr t\u00eb mbrojtur t\u00eb dh\u00ebnat tuaja personale, ne nuk mund<sup>12<\/sup> t\u00eb garantojm\u00eb sigurin\u00eb e tyre absolute.<\/p>\n\n\n\n<p><strong>Ofruesit e Sh\u00ebrbimeve<\/strong><\/p>\n\n\n\n<p>Ne mund t\u00eb pun\u00ebsojm\u00eb kompani<sup>13<\/sup> dhe individ\u00eb t\u00eb pal\u00ebve t\u00eb treta p\u00ebr t\u00eb leht\u00ebsuar Sh\u00ebrbimin ton\u00eb<sup>14<\/sup> (&#8220;Ofruesit e Sh\u00ebrbimeve&#8221;), p\u00ebr t\u00eb ofruar Sh\u00ebrbimin n\u00eb emrin ton\u00eb, p\u00ebr t\u00eb kryer sh\u00ebrbime q\u00eb lidhen me Sh\u00ebrbimin ose p\u00ebr t\u00eb na ndihmuar n\u00eb analizimin e m\u00ebnyr\u00ebs se si p\u00ebrdoret Sh\u00ebrbimi yn\u00eb.<\/p>\n\n\n\n<p>K\u00ebto pal\u00eb t\u00eb treta kan\u00eb qasje n\u00eb t\u00eb dh\u00ebnat tuaja personale vet\u00ebm p\u00ebr t\u00eb kryer k\u00ebto detyra n\u00eb emrin ton\u00eb dhe jan\u00eb t\u00eb detyruara<sup>15<\/sup> t\u00eb mos i zbulojn\u00eb ose p\u00ebrdorin ato p\u00ebr ndonj\u00eb q\u00ebllim tjet\u00ebr.<\/p>\n\n\n\n<p><strong>Lidhje me Faqe t\u00eb Tjera<\/strong><\/p>\n\n\n\n<p>Sh\u00ebrbimi yn\u00eb mund t\u00eb p\u00ebrmbaj\u00eb lidhje me faqe t\u00eb tjera q\u00eb nuk operohen nga ne. N\u00ebse klikoni n\u00eb nj\u00eb lidhje t\u00eb pal\u00ebs s\u00eb tret\u00eb, do t&#8217;ju drejtoheni n\u00eb faqen e asaj pale t\u00eb tret\u00eb. Ne ju k\u00ebshillojm\u00eb fuqimisht t\u00eb shqyrtoni Politik\u00ebn e Privat\u00ebsis\u00eb t\u00eb \u00e7do faqeje q\u00eb vizitoni.<\/p>\n","protected":false},"excerpt":{"rendered":"<p>Politika e Privat\u00ebsis\u00eb e PROTEK.AL Ju informojm\u00eb p\u00ebr politikat tona n\u00eb lidhje me mbledhjen, p\u00ebrdorimin dhe zbulimin e t\u00eb dh\u00ebnave personale kur p\u00ebrdorni1 Sh\u00ebrbimin ton\u00eb. Ne e p\u00ebrdorim informacionin tuaj p\u00ebr t\u00eb ofruar dhe p\u00ebrmir\u00ebsuar Sh\u00ebrbimin. Duke p\u00ebrdorur Sh\u00ebrbimin, ju pranoni mbledhjen dhe p\u00ebrdorimin e informacionit n\u00eb p\u00ebrputhje me k\u00ebt\u00eb politik\u00eb.2 Mbledhja dhe P\u00ebrdorimi i [&hellip;]<\/p>\n","protected":false},"author":1,"featured_media":24,"parent":0,"menu_order":0,"comment_status":"closed","ping_status":"open","template":"","meta":{"footnotes":""},"class_list":["post-3","page","type-page","status-publish","has-post-thumbnail","hentry"],"_links":{"self":[{"href":"https:\/\/protek.al\/index.php?rest_route=\/wp\/v2\/pages\/3","targetHints":{"allow":["GET"]}}],"collection":[{"href":"https:\/\/protek.al\/index.php?rest_route=\/wp\/v2\/pages"}],"about":[{"href":"https:\/\/protek.al\/index.php?rest_route=\/wp\/v2\/types\/page"}],"author":[{"embeddable":true,"href":"https:\/\/protek.al\/index.php?rest_route=\/wp\/v2\/users\/1"}],"replies":[{"embeddable":true,"href":"https:\/\/protek.al\/index.php?rest_route=%2Fwp%2Fv2%2Fcomments&post=3"}],"version-history":[{"count":1,"href":"https:\/\/protek.al\/index.php?rest_route=\/wp\/v2\/pages\/3\/revisions"}],"predecessor-version":[{"id":54,"href":"https:\/\/protek.al\/index.php?rest_route=\/wp\/v2\/pages\/3\/revisions\/54"}],"wp:featuredmedia":[{"embeddable":true,"href":"https:\/\/protek.al\/index.php?rest_route=\/wp\/v2\/media\/24"}],"wp:attachment":[{"href":"https:\/\/protek.al\/index.php?rest_route=%2Fwp%2Fv2%2Fmedia&parent=3"}],"curies":[{"name":"wp","href":"https:\/\/api.w.org\/{rel}","templated":true}]}}